{"id":6,"date":"2017-07-27T10:14:04","date_gmt":"2017-07-27T09:14:04","guid":{"rendered":"http:\/\/ambulance21.cz\/?page_id=6"},"modified":"2022-11-22T19:22:32","modified_gmt":"2022-11-22T18:22:32","slug":"home","status":"publish","type":"page","link":"https:\/\/www.ambulance21.cz\/","title":{"rendered":"Home"},"content":{"rendered":"[mk_page_section][vc_column][vc_row_inner][vc_column_inner][mk_padding_divider][vc_column_text]\n<h2 style=\"text-align: center;\">D\u011bkujeme za Va\u0161i n\u00e1v\u0161t\u011bvu<br \/>\na budeme se t\u011b\u0161it p\u0159i dal\u0161\u00edm ro\u010dn\u00edku.<\/h2>\n[\/vc_column_text][mk_padding_divider][\/vc_column_inner][\/vc_row_inner][vc_column_text][\/vc_column_text][vc_row_inner][vc_column_inner][vc_separator][\/vc_column_inner][\/vc_row_inner][vc_text_separator title=&#8220;PARTNE\u0158I&#8220; color=&#8220;pink&#8220; border_width=&#8220;3&#8243;][\/vc_column][\/mk_page_section][mk_page_section][vc_column][vc_row_inner][vc_column_inner][vc_column_text align=&#8220;center&#8220;]\n<h4>GENER\u00c1LN\u00cd PARTNER<\/h4>\n[\/vc_column_text][vc_single_image image=&#8220;7&#8243; alignment=&#8220;center&#8220; onclick=&#8220;custom_link&#8220; img_link_target=&#8220;_blank&#8220; link=&#8220;https:\/\/www.euc.cz\/&#8220;][\/vc_column_inner][\/vc_row_inner] [mk_padding_divider size=&#8220;50&#8243;] [vc_row_inner][vc_column_inner][vc_column_text align=&#8220;center&#8220;]\n<h4>Partne\u0159i<\/h4>\n[\/vc_column_text][\/vc_column_inner][\/vc_row_inner][vc_row_inner][vc_column_inner width=&#8220;1\/2&#8243;][vc_column_text align=&#8220;center&#8220;]<a href=\"https:\/\/www.medicalc.cz\/\" target=\"_blank\" rel=\"noopener\"><img decoding=\"async\" src=\"https:\/\/www.ambulance21.cz\/wp-content\/uploads\/2022\/09\/medicalc_logoi.png\" alt=\"Medicalc software s.r.o.\"><\/a>[\/vc_column_text][\/vc_column_inner][vc_column_inner width=&#8220;1\/2&#8243;][vc_column_text align=&#8220;center&#8220;]<a href=\"https:\/\/www.renomia.cz\/\" target=\"_blank\" rel=\"noopener\"><img decoding=\"async\" src=\"https:\/\/www.ambulance21.cz\/wp-content\/uploads\/2022\/09\/RENOMIA.png\" alt=\"Remonia\"><\/a>[\/vc_column_text][\/vc_column_inner][\/vc_row_inner][mk_padding_divider size=&#8220;50&#8243;]\n[vc_row_inner][vc_column_inner][vc_column_text align=&#8220;center&#8220;]\n<h4>Partner bloku<\/h4>\n<p><a href=\"https:\/\/www.boehringer-ingelheim.cz\/\" target=\"_blank\" rel=\"noopener\"><img decoding=\"async\" src=\"https:\/\/www.ambulance21.cz\/wp-content\/uploads\/2022\/10\/BI-logo.png\" alt=\"BI\"><\/a>[\/vc_column_text] [\/vc_column_inner][\/vc_row_inner] [mk_padding_divider size=&#8220;80&#8243;]\n[vc_row_inner][vc_column_inner][vc_column_text align=&#8220;center&#8220;]\n<h4>Partner workshopu<\/h4>\n<p><a href=\"https:\/\/www.exray.cz\/\" target=\"_blank\" rel=\"noopener\"><img decoding=\"async\" src=\"https:\/\/www.ambulance21.cz\/wp-content\/uploads\/2022\/09\/Exray.png\" alt=\"Exray\"><\/a>[\/vc_column_text] [\/vc_column_inner][\/vc_row_inner] [mk_padding_divider size=&#8220;80&#8243;] [vc_row_inner][vc_column_inner][vc_column_text align=&#8220;center&#8220;]\n<h4>Vystavovatel<\/h4>\n[\/vc_column_text][\/vc_column_inner][\/vc_row_inner][vc_row_inner][vc_column_inner width=&#8220;1\/2&#8243;][vc_column_text align=&#8220;center&#8220;]<a href=\"https:\/\/www.gsk.com\/en-gb\/locations\/czech-republic\/cs-cze\/\" target=\"_blank\" rel=\"noopener\"><img decoding=\"async\" src=\"https:\/\/www.ambulance21.cz\/wp-content\/uploads\/2022\/09\/GSK_Logo.png\" alt=\"GSK\"><\/a>[\/vc_column_text][\/vc_column_inner][vc_column_inner width=&#8220;1\/2&#8243;][vc_column_text align=&#8220;center&#8220;]<a href=\"https:\/\/www.lohmann-rauscher.com\/cz-cs\/\" target=\"_blank\" rel=\"noopener\"><img decoding=\"async\" src=\"https:\/\/www.ambulance21.cz\/wp-content\/uploads\/2022\/09\/LR.png\" alt=\"Lohmann&amp;Rauscher\"><\/a>[\/vc_column_text][\/vc_column_inner][\/vc_row_inner][mk_padding_divider size=&#8220;50&#8243;] [vc_row_inner][vc_column_inner][vc_column_text align=&#8220;center&#8220;]\n<h4>Ostatn\u00ed sponzo\u0159i<\/h4>\n[\/vc_column_text][\/vc_column_inner][\/vc_row_inner] [vc_row_inner][vc_column_inner width=&#8220;1\/2&#8243;][vc_column_text align=&#8220;center&#8220;]<a href=\"https:\/\/www.apatykaservis.cz\/\" target=\"_blank\" rel=\"noopener\"><img decoding=\"async\" src=\"https:\/\/www.ambulance21.cz\/wp-content\/uploads\/2022\/09\/apatyka.png\" alt=\"Apatyka servis s.r.o.\"><\/a>[\/vc_column_text][\/vc_column_inner] [vc_column_inner width=&#8220;1\/2&#8243;][vc_column_text align=&#8220;center&#8220;]<a href=\"https:\/\/www.grada.cz\/\" target=\"_blank\" rel=\"noopener\"><img decoding=\"async\" src=\"https:\/\/www.ambulance21.cz\/wp-content\/uploads\/2022\/10\/GRADA.png\" alt=\"Grada\"><\/a>[\/vc_column_text][\/vc_column_inner][\/vc_row_inner]\n[mk_padding_divider size=&#8220;50&#8243;] [vc_row_inner][vc_column_inner][vc_column_text align=&#8220;center&#8220;]\n<h4>Medi\u00e1ln\u00ed partner<\/h4>\n[\/vc_column_text][\/vc_column_inner][\/vc_row_inner][vc_row_inner][vc_column_inner width=&#8220;1\/3&#8243;][vc_column_text align=&#8220;center&#8220;]<a href=\"https:\/\/www.edumedic.cz\/\" target=\"_blank\" rel=\"noopener\"><img decoding=\"async\" src=\"https:\/\/www.ambulance21.cz\/wp-content\/uploads\/2022\/09\/edumedic.jpg\" alt=\"EDUMedic\"><\/a>[\/vc_column_text][\/vc_column_inner][vc_column_inner width=&#8220;1\/3&#8243;][vc_column_text align=&#8220;center&#8220;]<a href=\"https:\/\/www.edusestra.cz\/\" target=\"_blank\" rel=\"noopener\"><img decoding=\"async\" src=\"https:\/\/www.ambulance21.cz\/wp-content\/uploads\/2022\/09\/edusestra.jpg\" alt=\"EDUSestra\"><\/a>[\/vc_column_text][\/vc_column_inner][vc_column_inner width=&#8220;1\/3&#8243;][vc_column_text align=&#8220;center&#8220;]<a href=\"https:\/\/casopis.sesterna.cz\/\" target=\"_blank\" rel=\"noopener\"><img decoding=\"async\" src=\"https:\/\/www.ambulance21.cz\/wp-content\/uploads\/2022\/09\/sesterna.jpg\" alt=\"Sesterna\"><\/a>[\/vc_column_text][\/vc_column_inner][\/vc_row_inner][mk_padding_divider size=&#8220;80&#8243;][vc_row_inner][vc_column_inner][vc_column_text align=&#8220;center&#8220;]\n<h4>Po\u0159adatel a organiz\u00e1tor<\/h4>\n[\/vc_column_text][vc_single_image image=&#8220;8&#8243; img_size=&#8220;340&#215;170&#8243; alignment=&#8220;center&#8220; onclick=&#8220;custom_link&#8220; img_link_target=&#8220;_blank&#8220; link=&#8220;http:\/\/www.wemakemedia.cz&#8220;][\/vc_column_inner][\/vc_row_inner][\/vc_column][\/mk_page_section][mk_page_section][vc_column][\/vc_column][\/mk_page_section][vc_row][vc_column][vc_column_text]\n<p style=\"margin: 0; margin-bottom: 2rem; padding: 0; font-size: 12px; text-align: center;\"><a href=\"https:\/\/www.ambulance21.cz\/zasady_ochrany_osobnich_udaju.pdf\" target=\"_blank\" rel=\"noopener\">Ochrana osobn\u00edch \u00fadaj\u016f<\/a><\/p>\n[\/vc_column_text][\/vc_column][\/vc_row]\n","protected":false},"excerpt":{"rendered":"<p>[mk_page_section][vc_column][vc_row_inner][vc_column_inner][mk_padding_divider][vc_column_text] D\u011bkujeme za Va\u0161i n\u00e1v\u0161t\u011bvu a budeme se t\u011b\u0161it p\u0159i dal\u0161\u00edm ro\u010dn\u00edku. [\/vc_column_text][mk_padding_divider][\/vc_column_inner][\/vc_row_inner][vc_column_text][\/vc_column_text][vc_row_inner][vc_column_inner][vc_separator][\/vc_column_inner][\/vc_row_inner][vc_text_separator title=&#8220;PARTNE\u0158I&#8220; color=&#8220;pink&#8220; border_width=&#8220;3&#8243;][\/vc_column][\/mk_page_section][mk_page_section][vc_column][vc_row_inner][vc_column_inner][vc_column_text align=&#8220;center&#8220;] GENER\u00c1LN\u00cd PARTNER [\/vc_column_text][vc_single_image image=&#8220;7&#8243; alignment=&#8220;center&#8220; onclick=&#8220;custom_link&#8220; img_link_target=&#8220;_blank&#8220; link=&#8220;https:\/\/www.euc.cz\/&#8220;][\/vc_column_inner][\/vc_row_inner] [mk_padding_divider size=&#8220;50&#8243;] [vc_row_inner][vc_column_inner][vc_column_text align=&#8220;center&#8220;] Partne\u0159i [\/vc_column_text][\/vc_column_inner][\/vc_row_inner][vc_row_inner][vc_column_inner width=&#8220;1\/2&#8243;][vc_column_text align=&#8220;center&#8220;][\/vc_column_text][\/vc_column_inner][vc_column_inner width=&#8220;1\/2&#8243;][vc_column_text align=&#8220;center&#8220;][\/vc_column_text][\/vc_column_inner][\/vc_row_inner][mk_padding_divider size=&#8220;50&#8243;] [vc_row_inner][vc_column_inner][vc_column_text align=&#8220;center&#8220;] Partner bloku [\/vc_column_text] [\/vc_column_inner][\/vc_row_inner] [mk_padding_divider size=&#8220;80&#8243;] [vc_row_inner][vc_column_inner][vc_column_text align=&#8220;center&#8220;] Partner workshopu [\/vc_column_text] [\/vc_column_inner][\/vc_row_inner] [mk_padding_divider size=&#8220;80&#8243;] [vc_row_inner][vc_column_inner][vc_column_text align=&#8220;center&#8220;] Vystavovatel [&hellip;]<\/p>\n","protected":false},"author":5,"featured_media":0,"parent":0,"menu_order":0,"comment_status":"closed","ping_status":"closed","template":"","meta":{"footnotes":""},"_links":{"self":[{"href":"https:\/\/www.ambulance21.cz\/wp-json\/wp\/v2\/pages\/6"}],"collection":[{"href":"https:\/\/www.ambulance21.cz\/wp-json\/wp\/v2\/pages"}],"about":[{"href":"https:\/\/www.ambulance21.cz\/wp-json\/wp\/v2\/types\/page"}],"author":[{"embeddable":true,"href":"https:\/\/www.ambulance21.cz\/wp-json\/wp\/v2\/users\/5"}],"replies":[{"embeddable":true,"href":"https:\/\/www.ambulance21.cz\/wp-json\/wp\/v2\/comments?post=6"}],"version-history":[{"count":214,"href":"https:\/\/www.ambulance21.cz\/wp-json\/wp\/v2\/pages\/6\/revisions"}],"predecessor-version":[{"id":1274,"href":"https:\/\/www.ambulance21.cz\/wp-json\/wp\/v2\/pages\/6\/revisions\/1274"}],"wp:attachment":[{"href":"https:\/\/www.ambulance21.cz\/wp-json\/wp\/v2\/media?parent=6"}],"curies":[{"name":"wp","href":"https:\/\/api.w.org\/{rel}","templated":true}]}}