{"id":36,"date":"2017-08-01T07:50:36","date_gmt":"2017-08-01T06:50:36","guid":{"rendered":"http:\/\/ambulance2018.cz\/?page_id=36"},"modified":"2022-08-11T16:46:21","modified_gmt":"2022-08-11T15:46:21","slug":"1-rocnik","status":"publish","type":"page","link":"https:\/\/www.ambulance21.cz\/predchozi-rocniky\/1-rocnik\/","title":{"rendered":"1. ro\u010dn\u00edk"},"content":{"rendered":"[mk_page_section][vc_column][vc_row_inner][vc_column_inner width=&#8220;1\/2&#8243;][vc_column_text]\n<h3 style=\"text-align: center;\">1. CELOST\u00c1TN\u00cd KONFERENCE AMBULANTN\u00cd P\u00c9\u010cE<\/h3>\n<p>Prvn\u00ed celost\u00e1tn\u00ed konference o ambulantn\u00ed p\u00e9\u010di prob\u011bhla ve \u010dtvrtek 3.\u00a0listopadu v pra\u017esk\u00e9m kongresov\u00e9m centru Vavru\u0161ka. Gener\u00e1ln\u00edm partnerem byla spole\u010dnost EUC.<\/p>\n<p>Z\u00fa\u010dastnilo se j\u00ed 110, p\u0159edev\u0161\u00edm zdravotnick\u00fdch pracovn\u00edk\u016f a vystoupilo na n\u00ed 12 \u0159e\u010dn\u00edk\u016f.<\/p>\n<p>\u00da\u010dastn\u00edci si vyslechli 7 p\u0159edn\u00e1\u0161ek a m\u011bli mo\u017enost se z\u00fa\u010dastnit diskusn\u00edho panelu o nov\u00fdch trendech v ambulantn\u00ed p\u00e9\u010di. Cel\u00e1 konference se nesla v duchu toho, co n\u00e1s \u010dek\u00e1 v bl\u00edzk\u00e9 budoucnosti na\u0161eho zdravotnictv\u00ed a p\u0159\u00edstupu k pacient\u016fm.[\/vc_column_text][\/vc_column_inner][vc_column_inner width=&#8220;1\/2&#8243;][vc_column_text]\n<h3>Program<\/h3>\n<ul>\n<li><strong>Nov\u00e9 trendy, mo\u017enosti a \u00faskal\u00ed ve spolupr\u00e1ci laborato\u0159e s ambulantn\u00edmi specialisty<\/strong><br \/>\nprof. MUDr. Vladim\u00edr Pali\u010dka, CSc., dr. h. c., \u0159editel FN Hradec Kr\u00e1lov\u00e9<\/li>\n<li><strong>Rakovina prsu \u2013 miniinvazivn\u00ed v\u00fdkony, prevence a l\u00e9\u010dba<\/strong><br \/>\nprim. MUDr. Petr V\u00e1\u0161a a Kate\u0159ina Mik\u0161ovsk\u00e1, radiologick\u00e1 asistentka, RDG odd\u011blen\u00ed EUC Klinika \u00dast\u00ed nad Labem<\/li>\n<li><strong>Melanomy<\/strong><br \/>\nprim. MUDr. Ivana Krajsov\u00e1, MBA, VFN Praha<\/li>\n<li><strong>Sv\u011btov\u00e9 trendy rozvoje nanotechnologi\u00ed v bl\u00edzk\u00e9 budoucnosti<\/strong><br \/>\nMgr. Ing. Ji\u0159\u00ed K\u016fs, p\u0159edseda v\u00fdkonn\u00e9 rady, Asociace nanotechnologick\u00e9ho pr\u016fmyslu \u010cR<\/li>\n<li><strong>Diskusn\u00ed blok \u2013 Nov\u00e9 trendy v ambulantn\u00ed p\u00e9\u010di<\/strong><br \/>\nprof. MUDr. Tom\u00e1\u0161 Zima, DrSc., MUDr. Barbara Tau\u0161ov\u00e1, Bc. Jan H\u016flek, doc. MUDr. Rastislav Ma\u010far, Ph.D.<\/li>\n<li><em>P\u0159ed\u00e1n\u00ed v\u00fdro\u010dn\u00ed ceny prof. K\u00f6lbela za mimo\u0159\u00e1dn\u00fd p\u0159\u00ednos v p\u00e9\u010di o pacienty v EUC a.s.<\/em><\/li>\n<li><strong>Jsou chronick\u00e9 nemoci skute\u010dn\u011b nejv\u011bt\u0161\u00ed v\u00fdzvou zdravotnictv\u00ed?<\/strong><br \/>\nBc. Jan H\u016flek, eVito<\/li>\n<li><strong>Zm\u011bna kreditov\u00e9ho syst\u00e9mu vzd\u011bl\u00e1v\u00e1n\u00ed<\/strong><br \/>\nMgr. Alice Strnadov\u00e1, MBA, hlavn\u00ed sestra \u010cR<\/li>\n<li><strong>Sp\u00e1nkov\u00e1 apnoe u ambulantn\u00edho pacienta<\/strong><br \/>\nMUDr. Jana Vysko\u010dilov\u00e1, EUC klinika Plze\u0148 a Mgr. Petra \u0160tenglov\u00e1, hlavn\u00ed sestra EUC<\/li>\n<li><strong>Potraviny a alergolog<\/strong><br \/>\nMUDr. Martin Hospodka, EUC Premium<\/li>\n<\/ul>\n[\/vc_column_text][\/vc_column_inner][\/vc_row_inner][vc_row_inner][vc_column_inner][vc_column_text]\n<h3>Fotogalerie<\/h3>\n[\/vc_column_text][vc_images_carousel images=&#8220;37,38,39,40,41,42,43,44,45,46,47,48,49,50,51,53,54,55,56,57,59,61,63,64&#8243; img_size=&#8220;full&#8220; slides_per_view=&#8220;6&#8243; hide_pagination_control=&#8220;yes&#8220; wrap=&#8220;yes&#8220;][\/vc_column_inner][\/vc_row_inner][\/vc_column][\/mk_page_section][mk_page_section][vc_row][vc_column][vc_column_text align=&#8220;center&#8220;]\n<h3 style=\"text-align: center;\">Gener\u00e1ln\u00ed partner<\/h3>\n[\/vc_column_text][vc_row_inner][vc_column_inner][vc_single_image image=&#8220;7&#8243; img_size=&#8220;255&#215;256&#8243; alignment=&#8220;center&#8220; onclick=&#8220;custom_link&#8220; img_link_target=&#8220;_blank&#8220; link=&#8220;http:\/\/www.euc.cz\/&#8220;][mk_padding_divider size=&#8220;10&#8243;][\/vc_column_inner][\/vc_row_inner][\/vc_column][\/vc_row][vc_row][vc_column][vc_column_text align=&#8220;center&#8220;]\n<h3 style=\"text-align: center;\">Partne\u0159i<\/h3>\n[\/vc_column_text][mk_padding_divider][vc_row_inner][vc_column_inner width=&#8220;1\/4&#8243;][vc_single_image image=&#8220;19&#8243; img_size=&#8220;full&#8220; alignment=&#8220;center&#8220; onclick=&#8220;custom_link&#8220; img_link_target=&#8220;_blank&#8220; link=&#8220;http:\/\/www.medicalc.cz\/&#8220;][\/vc_column_inner][vc_column_inner width=&#8220;1\/4&#8243;][vc_single_image image=&#8220;21&#8243; img_size=&#8220;full&#8220; alignment=&#8220;center&#8220; onclick=&#8220;custom_link&#8220; img_link_target=&#8220;_blank&#8220; link=&#8220;http:\/\/www.renomia.cz\/&#8220;][\/vc_column_inner][vc_column_inner width=&#8220;1\/4&#8243;][vc_single_image image=&#8220;22&#8243; img_size=&#8220;full&#8220; onclick=&#8220;custom_link&#8220; img_link_target=&#8220;_blank&#8220; link=&#8220;https:\/\/www.vzp.cz\/&#8220;][\/vc_column_inner][vc_column_inner width=&#8220;1\/4&#8243;][\/vc_column_inner][\/vc_row_inner][\/vc_column][\/vc_row][vc_row][vc_column][vc_row_inner][vc_column_inner][mk_padding_divider size=&#8220;60&#8243;][vc_column_text]\n<h3 style=\"text-align: center;\">Vystavovatel\u00e9<\/h3>\n[\/vc_column_text][\/vc_column_inner][\/vc_row_inner][mk_padding_divider][vc_row_inner][vc_column_inner width=&#8220;1\/4&#8243;][vc_single_image image=&#8220;20&#8243; img_size=&#8220;full&#8220; alignment=&#8220;center&#8220; onclick=&#8220;custom_link&#8220; img_link_target=&#8220;_blank&#8220; link=&#8220;http:\/\/www.apatykaservis.cz\/&#8220;][\/vc_column_inner][vc_column_inner width=&#8220;1\/4&#8243;][vc_single_image image=&#8220;67&#8243; img_size=&#8220;full&#8220; alignment=&#8220;center&#8220; onclick=&#8220;custom_link&#8220; img_link_target=&#8220;_blank&#8220; link=&#8220;http:\/\/www.aptum.cz\/&#8220;][\/vc_column_inner][vc_column_inner width=&#8220;1\/4&#8243;][vc_single_image image=&#8220;68&#8243; img_size=&#8220;full&#8220; alignment=&#8220;center&#8220; onclick=&#8220;custom_link&#8220; img_link_target=&#8220;_blank&#8220; link=&#8220;http:\/\/www.batist.cz\/&#8220;][\/vc_column_inner][vc_column_inner width=&#8220;1\/4&#8243;][vc_single_image image=&#8220;69&#8243; img_size=&#8220;full&#8220; alignment=&#8220;center&#8220; onclick=&#8220;custom_link&#8220; img_link_target=&#8220;_blank&#8220; link=&#8220;http:\/\/www.medesa.cz\/&#8220;][\/vc_column_inner][\/vc_row_inner][vc_column_text align=&#8220;center&#8220;]\n<h4><\/h4>\n[\/vc_column_text][vc_row_inner][vc_column_inner width=&#8220;1\/4&#8243;][vc_single_image image=&#8220;70&#8243; img_size=&#8220;full&#8220; alignment=&#8220;center&#8220; onclick=&#8220;custom_link&#8220; img_link_target=&#8220;_blank&#8220; link=&#8220;http:\/\/medicton.com\/&#8220;][\/vc_column_inner][vc_column_inner width=&#8220;1\/4&#8243;][vc_single_image image=&#8220;71&#8243; img_size=&#8220;full&#8220; alignment=&#8220;center&#8220; onclick=&#8220;custom_link&#8220; img_link_target=&#8220;_blank&#8220; link=&#8220;http:\/\/www.schubert24.cz\/&#8220;][\/vc_column_inner][vc_column_inner width=&#8220;1\/4&#8243;][\/vc_column_inner][vc_column_inner width=&#8220;1\/4&#8243;][\/vc_column_inner][\/vc_row_inner][vc_column_text align=&#8220;center&#8220;]\n<h4><\/h4>\n[\/vc_column_text][vc_row_inner][vc_column_inner][mk_padding_divider size=&#8220;60&#8243;][vc_column_text]\n<h3 style=\"text-align: center;\">Medi\u00e1ln\u00ed partne\u0159i<\/h3>\n[\/vc_column_text][mk_padding_divider][\/vc_column_inner][\/vc_row_inner][vc_row_inner][vc_column_inner width=&#8220;1\/4&#8243;][vc_single_image image=&#8220;72&#8243; img_size=&#8220;full&#8220; alignment=&#8220;center&#8220; onclick=&#8220;custom_link&#8220; img_link_target=&#8220;_blank&#8220; link=&#8220;http:\/\/faktors.tyden.cz\/&#8220;][\/vc_column_inner][vc_column_inner width=&#8220;1\/4&#8243;][vc_single_image image=&#8220;73&#8243; img_size=&#8220;full&#8220; onclick=&#8220;custom_link&#8220; img_link_target=&#8220;_blank&#8220; link=&#8220;https:\/\/www.ipvz.cz\/&#8220;][\/vc_column_inner][vc_column_inner width=&#8220;1\/4&#8243;][vc_single_image image=&#8220;74&#8243; img_size=&#8220;full&#8220; alignment=&#8220;center&#8220; onclick=&#8220;custom_link&#8220; img_link_target=&#8220;_blank&#8220; link=&#8220;http:\/\/www.tyden.cz\/&#8220;][\/vc_column_inner][vc_column_inner width=&#8220;1\/4&#8243;][vc_single_image image=&#8220;75&#8243; img_size=&#8220;full&#8220; alignment=&#8220;center&#8220; onclick=&#8220;custom_link&#8220; img_link_target=&#8220;_blank&#8220; link=&#8220;http:\/\/www.zdravotnickenoviny.com\/category\/zpravy-zn\/&#8220;][\/vc_column_inner][\/vc_row_inner][\/vc_column][\/vc_row][vc_row][\/vc_row][vc_column][\/vc_column][vc_column_text][\/vc_column_text][\/mk_page_section]\n<p style=\"margin: 0; margin-bottom: 2rem; padding: 0; font-size: 12px; text-align: center;\"><a href=\"https:\/\/www.ambulance21.cz\/zasady_ochrany_osobnich_udaju.pdf\" target=\"_blank\" rel=\"noopener\">Ochrana osobn\u00edch \u00fadaj\u016f<\/a><\/p>\n","protected":false},"excerpt":{"rendered":"<p>[mk_page_section][vc_column][vc_row_inner][vc_column_inner width=&#8220;1\/2&#8243;][vc_column_text] 1. CELOST\u00c1TN\u00cd KONFERENCE AMBULANTN\u00cd P\u00c9\u010cE Prvn\u00ed celost\u00e1tn\u00ed konference o ambulantn\u00ed p\u00e9\u010di prob\u011bhla ve \u010dtvrtek 3.\u00a0listopadu v pra\u017esk\u00e9m kongresov\u00e9m centru Vavru\u0161ka. Gener\u00e1ln\u00edm partnerem byla spole\u010dnost EUC. Z\u00fa\u010dastnilo se j\u00ed 110, p\u0159edev\u0161\u00edm zdravotnick\u00fdch pracovn\u00edk\u016f a vystoupilo na n\u00ed 12 \u0159e\u010dn\u00edk\u016f. \u00da\u010dastn\u00edci si vyslechli 7 p\u0159edn\u00e1\u0161ek a m\u011bli mo\u017enost se z\u00fa\u010dastnit diskusn\u00edho panelu o nov\u00fdch trendech [&hellip;]<\/p>\n","protected":false},"author":5,"featured_media":0,"parent":34,"menu_order":0,"comment_status":"closed","ping_status":"closed","template":"","meta":{"footnotes":""},"_links":{"self":[{"href":"https:\/\/www.ambulance21.cz\/wp-json\/wp\/v2\/pages\/36"}],"collection":[{"href":"https:\/\/www.ambulance21.cz\/wp-json\/wp\/v2\/pages"}],"about":[{"href":"https:\/\/www.ambulance21.cz\/wp-json\/wp\/v2\/types\/page"}],"author":[{"embeddable":true,"href":"https:\/\/www.ambulance21.cz\/wp-json\/wp\/v2\/users\/5"}],"replies":[{"embeddable":true,"href":"https:\/\/www.ambulance21.cz\/wp-json\/wp\/v2\/comments?post=36"}],"version-history":[{"count":11,"href":"https:\/\/www.ambulance21.cz\/wp-json\/wp\/v2\/pages\/36\/revisions"}],"predecessor-version":[{"id":1122,"href":"https:\/\/www.ambulance21.cz\/wp-json\/wp\/v2\/pages\/36\/revisions\/1122"}],"up":[{"embeddable":true,"href":"https:\/\/www.ambulance21.cz\/wp-json\/wp\/v2\/pages\/34"}],"wp:attachment":[{"href":"https:\/\/www.ambulance21.cz\/wp-json\/wp\/v2\/media?parent=36"}],"curies":[{"name":"wp","href":"https:\/\/api.w.org\/{rel}","templated":true}]}}